{"id":94,"date":"2020-01-15T20:59:18","date_gmt":"2020-01-15T16:29:18","guid":{"rendered":"http:\/\/186.121.203.94\/?page_id=94"},"modified":"2024-01-26T21:52:43","modified_gmt":"2024-01-26T17:22:43","slug":"mecanica-automotriz","status":"publish","type":"page","link":"http:\/\/www.industrialmurillo.edu.bo\/?page_id=94","title":{"rendered":"Mec\u00e1nica Automotriz"},"content":{"rendered":"<div class=\"wp-block-image\">\n<figure class=\"alignleft size-large is-resized\"><img loading=\"lazy\" decoding=\"async\" width=\"1024\" height=\"1024\" src=\"http:\/\/186.121.203.94\/wp-content\/uploads\/2020\/01\/automotriz-1024x1024.jpg\" alt=\"\" class=\"wp-image-95\" style=\"width:272px;height:272px\" srcset=\"http:\/\/www.industrialmurillo.edu.bo\/wp-content\/uploads\/2020\/01\/automotriz-1024x1024.jpg 1024w, http:\/\/www.industrialmurillo.edu.bo\/wp-content\/uploads\/2020\/01\/automotriz-300x300.jpg 300w, http:\/\/www.industrialmurillo.edu.bo\/wp-content\/uploads\/2020\/01\/automotriz-150x150.jpg 150w, http:\/\/www.industrialmurillo.edu.bo\/wp-content\/uploads\/2020\/01\/automotriz-768x768.jpg 768w, http:\/\/www.industrialmurillo.edu.bo\/wp-content\/uploads\/2020\/01\/automotriz.jpg 1467w\" sizes=\"auto, (max-width: 1024px) 100vw, 1024px\" \/><\/figure>\n<\/div>\n\n\n<p class=\"has-text-color\" style=\"color:#1a1188\">El profesional de Mec\u00e1nica Automotriz tiene conocimientos, capacidades y habilidades competitivas en el \u00e1rea Automotriz.<\/p>\n\n\n\n<p class=\"has-text-color\" style=\"color:#1a1188\">Desarrolla funciones en talleres de reparaci\u00f3n y mantenimiento automotriz. Supervisa, controla y ejecuta el mantenimiento y reparaci\u00f3n de veh\u00edculos motorizados que funcionan a gasolina, di\u00e9sel e inyecci\u00f3n electr\u00f3nica.<\/p>\n\n\n\n<h5 class=\"wp-block-heading has-text-color\" style=\"color:#1a1188\"><strong>Nivel de Estudio: <\/strong><\/h5>\n\n\n\n<p class=\"has-text-color\" style=\"color:#1a1188\">T\u00e9cnico Superior<\/p>\n\n\n\n<h5 class=\"wp-block-heading has-text-color\" style=\"color:#1a1188\">Pensum de la carrera:<\/h5>\n\n\n\n<figure class=\"wp-block-table is-style-stripes\"><table><tbody><tr><td><strong>SEMESTRE<\/strong><\/td><td><strong>CODIGO<\/strong><\/td><td><strong>MATERIA<\/strong><\/td><\/tr><tr><td>Primero<\/td><td>SOM-100<\/td><td>SEGURIDAD OCUPACIONAL Y MEDIO AMBIENTE<\/td><\/tr><tr><td><\/td><td>MOG-100<\/td><td>MOTORES A GASOLINA I<\/td><\/tr><tr><td><\/td><td>ELA-100<\/td><td>ELECTRICIDAD AUTOMOTRIZ I<\/td><\/tr><tr><td><\/td><td>MAA-100<\/td><td>MATEM\u00c1TICA AUTOMOTRIZ<\/td><\/tr><tr><td><\/td><td>MEA-100<\/td><td>METROLOG\u00cdA AUTOMOTRIZ<\/td><\/tr><tr><td><\/td><td>DTA-100<\/td><td>DIBUJO T\u00c9CNICO AUTOMOTRIZ I<\/td><\/tr><tr><td><\/td><td>QUA-100<\/td><td>QU\u00cdMICA AUTOMOTRIZ<\/td><\/tr><tr><td>Segundo<\/td><td>INT-200<\/td><td>INGL\u00c9S T\u00c9CNICO<\/td><\/tr><tr><td><\/td><td>MOG-200<\/td><td>MOTORES A GASOLINA II<\/td><\/tr><tr><td><\/td><td>ELA-200<\/td><td>ELECTRICIDAD AUTOMOTRIZ II<\/td><\/tr><tr><td><\/td><td>CHS-200<\/td><td>CHAPER\u00cdA Y SOLDADURA<\/td><\/tr><tr><td><\/td><td>FIS-200<\/td><td>F\u00cdSICA AUTOMOTRIZ<\/td><\/tr><tr><td><\/td><td>DTA-200<\/td><td>DIBUJO T\u00c9CNICO AUTOMOTRIZ II<\/td><\/tr><tr><td>Tercero<\/td><td>MOG-300<\/td><td>MOTORES A GASOLINA III<\/td><\/tr><tr><td><\/td><td>ELA-300<\/td><td>ELECTRICIDAD AUTOMOTRIZ III<\/td><\/tr><tr><td><\/td><td>MOD-300<\/td><td>MOTORES DIESEL I<\/td><\/tr><tr><td><\/td><td>ETA-300<\/td><td>ELECTR\u00d3NICA AUTOMOTRIZ I<\/td><\/tr><tr><td><\/td><td>TER-300<\/td><td>TERMODIN\u00c1MICA<\/td><\/tr><tr><td><\/td><td>TRA-300<\/td><td>TRANSMISIONES I<\/td><\/tr><tr><td>Cuarto<\/td><td>MOG-400<\/td><td>MOTORES A GASOLINA IV<\/td><\/tr><tr><td><\/td><td>IAG-400<\/td><td>INYECCI\u00d3N A GASOLINA I<\/td><\/tr><tr><td><\/td><td>MOD-400<\/td><td>MOTORES DIESEL II<\/td><\/tr><tr><td><\/td><td>ETA-400<\/td><td>ELECTR\u00d3NICA AUTOMOTRIZ II<\/td><\/tr><tr><td><\/td><td>TRA-400<\/td><td>TRANSMISIONES II<\/td><\/tr><tr><td><\/td><td>EMP-400<\/td><td>EMPRENDIMIENTO PRODUCTIVO<\/td><\/tr><tr><td>Quinto<\/td><td>IED-500<\/td><td>INYECCI\u00d3N ELECTR\u00d3NICA DIESEL I<\/td><\/tr><tr><td><\/td><td>IAG-500<\/td><td>INYECCI\u00d3N A GASOLINA II<\/td><\/tr><tr><td><\/td><td>LAD-500<\/td><td>LABORATORIO DIESEL I<\/td><\/tr><tr><td><\/td><td>ETA-500<\/td><td>ELECTR\u00d3NICA AUTOMOTRIZ III<\/td><\/tr><tr><td><\/td><td>NEU-500<\/td><td>NEUM\u00c1TICA<\/td><\/tr><tr><td><\/td><td>TRA-500<\/td><td>TRANSMISIONES III<\/td><\/tr><tr><td><\/td><td>TMG-500<\/td><td>TALLER DE MODALIDAD DE GRADUACI\u00d3N I<\/td><\/tr><tr><td>Sexto<\/td><td>IED-600<\/td><td>INYECCI\u00d3N ELECTR\u00d3NICA DIESEL II<\/td><\/tr><tr><td><\/td><td>DAU-600<\/td><td>DIAGNOSTICO DEL AUTOMOVIL<\/td><\/tr><tr><td><\/td><td>LAD-600<\/td><td>LABORATORIO DIESEL II<\/td><\/tr><tr><td><\/td><td>HID-600<\/td><td>HIDR\u00c1ULICA<\/td><\/tr><tr><td><\/td><td>MAP-600<\/td><td>MAQUINARIA AGR\u00cdCOLA Y PESADA<\/td><\/tr><tr><td><\/td><td>IAG-600<\/td><td>INYECCI\u00d3N A GASOLINA III<\/td><\/tr><tr><td><\/td><td>TRA-600<\/td><td>TRANSMISIONES IV<\/td><\/tr><tr><td><\/td><td>TMG-600<\/td><td>TALLER DE MODALIDAD DE GRADUACI\u00d3N II<\/td><\/tr><\/tbody><\/table><\/figure>\n","protected":false},"excerpt":{"rendered":"<div class=\"mh-excerpt\"><p>El profesional de Mec\u00e1nica Automotriz tiene conocimientos, capacidades y habilidades competitivas en el \u00e1rea Automotriz. Desarrolla funciones en talleres de reparaci\u00f3n y mantenimiento automotriz. Supervisa, <a class=\"mh-excerpt-more\" href=\"http:\/\/www.industrialmurillo.edu.bo\/?page_id=94\" title=\"Mec\u00e1nica Automotriz\">[Leer mas..]<\/a><\/p>\n<\/div>","protected":false},"author":1,"featured_media":0,"parent":0,"menu_order":0,"comment_status":"closed","ping_status":"closed","template":"","meta":{"footnotes":""},"class_list":["post-94","page","type-page","status-publish","hentry"],"_links":{"self":[{"href":"http:\/\/www.industrialmurillo.edu.bo\/index.php?rest_route=\/wp\/v2\/pages\/94","targetHints":{"allow":["GET"]}}],"collection":[{"href":"http:\/\/www.industrialmurillo.edu.bo\/index.php?rest_route=\/wp\/v2\/pages"}],"about":[{"href":"http:\/\/www.industrialmurillo.edu.bo\/index.php?rest_route=\/wp\/v2\/types\/page"}],"author":[{"embeddable":true,"href":"http:\/\/www.industrialmurillo.edu.bo\/index.php?rest_route=\/wp\/v2\/users\/1"}],"replies":[{"embeddable":true,"href":"http:\/\/www.industrialmurillo.edu.bo\/index.php?rest_route=%2Fwp%2Fv2%2Fcomments&post=94"}],"version-history":[{"count":3,"href":"http:\/\/www.industrialmurillo.edu.bo\/index.php?rest_route=\/wp\/v2\/pages\/94\/revisions"}],"predecessor-version":[{"id":725,"href":"http:\/\/www.industrialmurillo.edu.bo\/index.php?rest_route=\/wp\/v2\/pages\/94\/revisions\/725"}],"wp:attachment":[{"href":"http:\/\/www.industrialmurillo.edu.bo\/index.php?rest_route=%2Fwp%2Fv2%2Fmedia&parent=94"}],"curies":[{"name":"wp","href":"https:\/\/api.w.org\/{rel}","templated":true}]}}