{"id":203,"date":"2020-01-17T08:20:06","date_gmt":"2020-01-17T03:50:06","guid":{"rendered":"http:\/\/186.121.203.94\/?page_id=203"},"modified":"2023-06-09T19:15:53","modified_gmt":"2023-06-09T14:45:53","slug":"203-2","status":"publish","type":"page","link":"http:\/\/www.industrialmurillo.edu.bo\/?page_id=203","title":{"rendered":"SUB SEDE EISPDM"},"content":{"rendered":"\n<h3 class=\"wp-block-heading has-text-color\" style=\"color:#1a1188\">Sub Sede Tajani<\/h3>\n\n\n\n<figure class=\"wp-block-image size-large\"><img loading=\"lazy\" decoding=\"async\" width=\"615\" height=\"344\" src=\"http:\/\/186.121.203.94\/wp-content\/uploads\/2020\/01\/eispdm-tajani.jpg\" alt=\"\" class=\"wp-image-218\" srcset=\"http:\/\/www.industrialmurillo.edu.bo\/wp-content\/uploads\/2020\/01\/eispdm-tajani.jpg 615w, http:\/\/www.industrialmurillo.edu.bo\/wp-content\/uploads\/2020\/01\/eispdm-tajani-300x168.jpg 300w\" sizes=\"auto, (max-width: 615px) 100vw, 615px\" \/><\/figure>\n\n\n\n<p class=\"has-text-color\" style=\"color:#1a1188\">La E.I.S.\u00bbP.D.M.\u00bb bajo la Resoluci\u00f3n Ministerial N\u00b0 564\/08 realiz\u00f3 la apertura de la Sub Sede, ubicada en la Provincia Camacho del departamento de La Paz, Municipio de Moco-Moco, localidad Tajani, el cual cuenta con una nueva infraestructura de tres plantas equipado con talleres, laboratorios y aulas para su funcionamiento<\/p>\n\n\n\n<h5 class=\"wp-block-heading has-text-color\" style=\"color:#1a1188\"><strong>Nivel de Estudio:<\/strong>  T\u00e9cnico Superior <\/h5>\n\n\n\n<h4 class=\"wp-block-heading has-text-color\" style=\"color:#1a1188\">Oferta de carreras<\/h4>\n\n\n\n<ul class=\"wp-block-list\">\n<li>Inform\u00e1tica industrial<\/li>\n\n\n\n<li>Tecnolog\u00eda de alimentos<\/li>\n\n\n\n<li>Mec\u00e1nica automotriz<\/li>\n<\/ul>\n\n\n\n<hr class=\"wp-block-separator has-text-color has-luminous-vivid-amber-color has-css-opacity has-luminous-vivid-amber-background-color has-background is-style-wide\"\/>\n\n\n\n<h3 class=\"wp-block-heading has-text-color\" style=\"color:#1a1188\">Sub Sede Achica Arriba<\/h3>\n\n\n\n<figure class=\"wp-block-image size-large\"><img loading=\"lazy\" decoding=\"async\" width=\"1024\" height=\"331\" src=\"http:\/\/186.121.203.94\/wp-content\/uploads\/2020\/01\/eispdm-achica-e1579295878912-1024x331.jpg\" alt=\"\" class=\"wp-image-222\" srcset=\"http:\/\/www.industrialmurillo.edu.bo\/wp-content\/uploads\/2020\/01\/eispdm-achica-e1579295878912-1024x331.jpg 1024w, http:\/\/www.industrialmurillo.edu.bo\/wp-content\/uploads\/2020\/01\/eispdm-achica-e1579295878912-300x97.jpg 300w, http:\/\/www.industrialmurillo.edu.bo\/wp-content\/uploads\/2020\/01\/eispdm-achica-e1579295878912-768x248.jpg 768w, http:\/\/www.industrialmurillo.edu.bo\/wp-content\/uploads\/2020\/01\/eispdm-achica-e1579295878912-1536x497.jpg 1536w, http:\/\/www.industrialmurillo.edu.bo\/wp-content\/uploads\/2020\/01\/eispdm-achica-e1579295878912.jpg 1632w\" sizes=\"auto, (max-width: 1024px) 100vw, 1024px\" \/><\/figure>\n\n\n\n<p class=\"has-text-color\" style=\"color:#1a1188\">La comunidad de Achica Arriba se encuentra ubicada en el Distrito 3 de la ciudad de Viacha, provincia Ingavi del departamento de La Paz.<\/p>\n\n\n\n<p class=\"has-text-color\" style=\"color:#1a1188\">De acuerdo a la Resoluci\u00f3n Ministerial N\u00b0 039\/2011, del 31 de enero de 2011 nace la Sub Sede de Achica Arriba iniciando sus actividades el 5 de abril de 2011.<\/p>\n\n\n\n<h5 class=\"wp-block-heading has-text-color\" style=\"color:#1a1188\">Nivel de Estudio:  T\u00e9cnico Superior <\/h5>\n\n\n\n<h4 class=\"wp-block-heading has-text-color\" style=\"color:#1a1188\">Oferta de carreras<\/h4>\n\n\n\n<ul class=\"wp-block-list\">\n<li>Mec\u00e1nica automotriz<\/li>\n\n\n\n<li>Industria de alimentos<\/li>\n<\/ul>\n\n\n\n<hr class=\"wp-block-separator has-text-color has-luminous-vivid-amber-color has-css-opacity has-luminous-vivid-amber-background-color has-background is-style-wide\"\/>\n\n\n\n<h3 class=\"wp-block-heading has-text-color\" style=\"color:#1a1188\">Sub Sede Corocoro<\/h3>\n\n\n\n<figure class=\"wp-block-image size-full\"><img loading=\"lazy\" decoding=\"async\" width=\"194\" height=\"259\" src=\"http:\/\/www.industrialmurillo.edu.bo\/wp-content\/uploads\/2020\/01\/eispdm-corocoro.jpg\" alt=\"\" class=\"wp-image-223\"\/><\/figure>\n\n\n\n<p class=\"has-text-color\" style=\"color:#1a1188\">La comunidad de Corocoro que se encuentra en la provincia Pacajes, se firma el convenio en fecha 25 de junio de 2007, oblig\u00e1ndose ambas partes bajo la Resoluci\u00f3n Ministerial N\u00b0 454\/2009, del 29 de julio de 2009, naciendo as\u00ed la Sub Sede de Corocoro, iniciando sus actividades con la carrera de Mec\u00e1nica Industrial y Metalurgia y Fundici\u00f3n y Siderurgia.<\/p>\n\n\n\n<h5 class=\"wp-block-heading has-text-color\" style=\"color:#1a1188\">Nivel de Estudio:  T\u00e9cnico Superior <\/h5>\n\n\n\n<h4 class=\"wp-block-heading has-text-color\" style=\"color:#1a1188\">Oferta de carreras<\/h4>\n\n\n\n<ul class=\"wp-block-list\">\n<li>Mec\u00e1nica Industrial<\/li>\n\n\n\n<li>Metalurgia, fundici\u00f3n y Siderurgia.<\/li>\n<\/ul>\n","protected":false},"excerpt":{"rendered":"<div class=\"mh-excerpt\"><p>Sub Sede Tajani La E.I.S.\u00bbP.D.M.\u00bb bajo la Resoluci\u00f3n Ministerial N\u00b0 564\/08 realiz\u00f3 la apertura de la Sub Sede, ubicada en la Provincia Camacho del departamento <a class=\"mh-excerpt-more\" href=\"http:\/\/www.industrialmurillo.edu.bo\/?page_id=203\" title=\"SUB SEDE EISPDM\">[Leer mas..]<\/a><\/p>\n<\/div>","protected":false},"author":1,"featured_media":0,"parent":0,"menu_order":0,"comment_status":"closed","ping_status":"closed","template":"","meta":{"footnotes":""},"class_list":["post-203","page","type-page","status-publish","hentry"],"_links":{"self":[{"href":"http:\/\/www.industrialmurillo.edu.bo\/index.php?rest_route=\/wp\/v2\/pages\/203","targetHints":{"allow":["GET"]}}],"collection":[{"href":"http:\/\/www.industrialmurillo.edu.bo\/index.php?rest_route=\/wp\/v2\/pages"}],"about":[{"href":"http:\/\/www.industrialmurillo.edu.bo\/index.php?rest_route=\/wp\/v2\/types\/page"}],"author":[{"embeddable":true,"href":"http:\/\/www.industrialmurillo.edu.bo\/index.php?rest_route=\/wp\/v2\/users\/1"}],"replies":[{"embeddable":true,"href":"http:\/\/www.industrialmurillo.edu.bo\/index.php?rest_route=%2Fwp%2Fv2%2Fcomments&post=203"}],"version-history":[{"count":7,"href":"http:\/\/www.industrialmurillo.edu.bo\/index.php?rest_route=\/wp\/v2\/pages\/203\/revisions"}],"predecessor-version":[{"id":598,"href":"http:\/\/www.industrialmurillo.edu.bo\/index.php?rest_route=\/wp\/v2\/pages\/203\/revisions\/598"}],"wp:attachment":[{"href":"http:\/\/www.industrialmurillo.edu.bo\/index.php?rest_route=%2Fwp%2Fv2%2Fmedia&parent=203"}],"curies":[{"name":"wp","href":"https:\/\/api.w.org\/{rel}","templated":true}]}}