{"id":143,"date":"2020-01-16T02:13:15","date_gmt":"2020-01-15T21:43:15","guid":{"rendered":"http:\/\/186.121.203.94\/?page_id=143"},"modified":"2024-01-26T21:49:27","modified_gmt":"2024-01-26T17:19:27","slug":"informatica-industrial","status":"publish","type":"page","link":"http:\/\/www.industrialmurillo.edu.bo\/?page_id=143","title":{"rendered":"Inform\u00e1tica Industrial"},"content":{"rendered":"<div class=\"wp-block-image\">\n<figure class=\"aligncenter size-large is-resized\"><img loading=\"lazy\" decoding=\"async\" width=\"1024\" height=\"1024\" src=\"http:\/\/186.121.203.94\/wp-content\/uploads\/2020\/01\/informatica-1024x1024.jpg\" alt=\"\" class=\"wp-image-106\" style=\"width:272px;height:272px\" srcset=\"http:\/\/www.industrialmurillo.edu.bo\/wp-content\/uploads\/2020\/01\/informatica-1024x1024.jpg 1024w, http:\/\/www.industrialmurillo.edu.bo\/wp-content\/uploads\/2020\/01\/informatica-300x300.jpg 300w, http:\/\/www.industrialmurillo.edu.bo\/wp-content\/uploads\/2020\/01\/informatica-150x150.jpg 150w, http:\/\/www.industrialmurillo.edu.bo\/wp-content\/uploads\/2020\/01\/informatica-768x768.jpg 768w, http:\/\/www.industrialmurillo.edu.bo\/wp-content\/uploads\/2020\/01\/informatica.jpg 1467w\" sizes=\"auto, (max-width: 1024px) 100vw, 1024px\" \/><\/figure>\n<\/div>\n\n\n<p class=\"has-text-color\" style=\"color:#1a1188\">El profesional de la carrera de Inform\u00e1tica Industrial puede desempe\u00f1ar tareas en: Industrias Informatizadas, Mantenimiento de Centros de C\u00f3mputo, Telecomunicaciones, Operadores de Sistemas de Computaci\u00f3n, Control Industrial, Mantenimiento y Reparaci\u00f3n de los Sistemas Electr\u00f3nicos, Dise\u00f1a e Implementa Sistemas SCADA, Dise\u00f1a Robots aplicados a la industria.<\/p>\n\n\n\n<p class=\"has-text-color\" style=\"color:#1a1188\"><strong>Nivel de Estudio: <\/strong> T\u00e9cnico Superior <\/p>\n\n\n\n<h5 class=\"wp-block-heading has-text-color\" style=\"color:#1a1188\">Pensum de la carrera<\/h5>\n\n\n\n<figure class=\"wp-block-table is-style-stripes\"><table><tbody><tr><td><strong>SEMESTRE<\/strong><\/td><td><strong>CODIGO<\/strong><\/td><td><strong>MATERIA<\/strong><\/td><\/tr><tr><td>Primero<\/td><td>INT-100<\/td><td>INGL\u00c9S T\u00c9CNICO I<\/td><\/tr><tr><td><\/td><td>FIS-100<\/td><td>F\u00cdSICA APLICADA<\/td><\/tr><tr><td><\/td><td>MCE-100<\/td><td>MEDIDAS Y CIRCUITOS ELECTR\u00d3NICOS<\/td><\/tr><tr><td><\/td><td>STI-100<\/td><td>SISTEMAS OPERATIVOS Y TECNOLOG\u00cdA DE LA INFORMACI\u00d3N<\/td><\/tr><tr><td><\/td><td>PRG-100<\/td><td>PROGRAMACI\u00d3N I<\/td><\/tr><tr><td><\/td><td>ALG-100<\/td><td>\u00c1LGEBRA LINEAL<\/td><\/tr><tr><td>Segundo<\/td><td>INT-200<\/td><td>INGL\u00c9S T\u00c9CNICO II<\/td><\/tr><tr><td><\/td><td>CAL-200<\/td><td>C\u00c1LCULO APLICADO<\/td><\/tr><tr><td><\/td><td>ELG-200<\/td><td>ELECTR\u00d3NICA GENERAL I<\/td><\/tr><tr><td><\/td><td>PRG-200<\/td><td>PROGRAMACI\u00d3N II<\/td><\/tr><tr><td><\/td><td>SID-200<\/td><td>SISTEMAS DIGITALES<\/td><\/tr><tr><td><\/td><td>BDD-200<\/td><td>BASES DE DATOS I<\/td><\/tr><tr><td>Tercero<\/td><td>TEW-300<\/td><td>TECNOLOG\u00cdA WEB I<\/td><\/tr><tr><td><\/td><td>SIM-300<\/td><td>SISTEMAS MICROPROCESADOS<\/td><\/tr><tr><td><\/td><td>ELG-300<\/td><td>ELECTR\u00d3NICA GENERAL II<\/td><\/tr><tr><td><\/td><td>PRG-300<\/td><td>PROGRAMACI\u00d3N III<\/td><\/tr><tr><td><\/td><td>ELT-300<\/td><td>ELECTROT\u00c9CNIA INDUSTRIAL<\/td><\/tr><tr><td><\/td><td>BDD-300<\/td><td>BASES DE DATOS II<\/td><\/tr><tr><td>Cuarto<\/td><td>CAI-400<\/td><td>CONTROL Y AUTOMATIZACI\u00d3N INDUSTRIAL I<\/td><\/tr><tr><td><\/td><td>MSI-400<\/td><td>MANTENIMIENTO DE SISTEMAS INDUSTRIALES<\/td><\/tr><tr><td><\/td><td>SII-400<\/td><td>SISTEMAS DE INFORMACI\u00d3N I<\/td><\/tr><tr><td><\/td><td>TEL-400<\/td><td>TELEM\u00c1TICA I<\/td><\/tr><tr><td><\/td><td>PSM-400<\/td><td>PROGRAMACI\u00d3N DE SISTEMAS M\u00d3VILES<\/td><\/tr><tr><td><\/td><td>DAC-400<\/td><td>DIBUJO ASISTIDO POR COMPUTADORA<\/td><\/tr><tr><td>Quinto<\/td><td>CAI-500<\/td><td>CONTROL Y AUTOMATIZACI\u00d3N INDUSTRIAL II<\/td><\/tr><tr><td><\/td><td>TEW-500<\/td><td>TECNOLOG\u00cdA WEB II<\/td><\/tr><tr><td><\/td><td>SII-500<\/td><td>SISTEMAS DE INFORMACI\u00d3N II<\/td><\/tr><tr><td><\/td><td>TEL-500<\/td><td>TELEM\u00c1TICA II<\/td><\/tr><tr><td><\/td><td>EMP-500<\/td><td>EMPRENDIMIENTO PRODUCTIVO I<\/td><\/tr><tr><td><\/td><td>TMG-500<\/td><td>TALLER DE MODALIDAD DE GRADUACI\u00d3N I<\/td><\/tr><tr><td>Sexto<\/td><td>IAR-600<\/td><td>INTELIGENCIA ARTIFICIAL Y ROB\u00d3TICA<\/td><\/tr><tr><td><\/td><td>AII-600<\/td><td>APLICACIONES INFORM\u00c1TICAS INDUSTRIALES<\/td><\/tr><tr><td><\/td><td>GSR-600<\/td><td>GESTI\u00d3N Y SEGURIDAD EN REDES CORPORATIVAS<\/td><\/tr><tr><td><\/td><td>INS-600<\/td><td>INGENER\u00cdA DE SOFTWARE<\/td><\/tr><tr><td><\/td><td>EMP-600<\/td><td>EMPRENDIMIENTO PRODUCTIVO II<\/td><\/tr><tr><td><\/td><td>TMG-600<\/td><td>TALLER DE MODALIDAD DE GRADUACI\u00d3N II<\/td><\/tr><\/tbody><\/table><\/figure>\n","protected":false},"excerpt":{"rendered":"<div class=\"mh-excerpt\"><p>El profesional de la carrera de Inform\u00e1tica Industrial puede desempe\u00f1ar tareas en: Industrias Informatizadas, Mantenimiento de Centros de C\u00f3mputo, Telecomunicaciones, Operadores de Sistemas de Computaci\u00f3n, <a class=\"mh-excerpt-more\" href=\"http:\/\/www.industrialmurillo.edu.bo\/?page_id=143\" title=\"Inform\u00e1tica Industrial\">[Leer mas..]<\/a><\/p>\n<\/div>","protected":false},"author":1,"featured_media":0,"parent":0,"menu_order":0,"comment_status":"closed","ping_status":"closed","template":"","meta":{"footnotes":""},"class_list":["post-143","page","type-page","status-publish","hentry"],"_links":{"self":[{"href":"http:\/\/www.industrialmurillo.edu.bo\/index.php?rest_route=\/wp\/v2\/pages\/143","targetHints":{"allow":["GET"]}}],"collection":[{"href":"http:\/\/www.industrialmurillo.edu.bo\/index.php?rest_route=\/wp\/v2\/pages"}],"about":[{"href":"http:\/\/www.industrialmurillo.edu.bo\/index.php?rest_route=\/wp\/v2\/types\/page"}],"author":[{"embeddable":true,"href":"http:\/\/www.industrialmurillo.edu.bo\/index.php?rest_route=\/wp\/v2\/users\/1"}],"replies":[{"embeddable":true,"href":"http:\/\/www.industrialmurillo.edu.bo\/index.php?rest_route=%2Fwp%2Fv2%2Fcomments&post=143"}],"version-history":[{"count":4,"href":"http:\/\/www.industrialmurillo.edu.bo\/index.php?rest_route=\/wp\/v2\/pages\/143\/revisions"}],"predecessor-version":[{"id":723,"href":"http:\/\/www.industrialmurillo.edu.bo\/index.php?rest_route=\/wp\/v2\/pages\/143\/revisions\/723"}],"wp:attachment":[{"href":"http:\/\/www.industrialmurillo.edu.bo\/index.php?rest_route=%2Fwp%2Fv2%2Fmedia&parent=143"}],"curies":[{"name":"wp","href":"https:\/\/api.w.org\/{rel}","templated":true}]}}