{"id":136,"date":"2020-01-16T02:03:22","date_gmt":"2020-01-15T21:33:22","guid":{"rendered":"http:\/\/186.121.203.94\/?page_id=136"},"modified":"2024-01-26T21:46:52","modified_gmt":"2024-01-26T17:16:52","slug":"industrial-textil-y-confeccion","status":"publish","type":"page","link":"http:\/\/www.industrialmurillo.edu.bo\/?page_id=136","title":{"rendered":"Industrial Textil y Confecci\u00f3n"},"content":{"rendered":"<div class=\"wp-block-image\">\n<figure class=\"aligncenter size-large is-resized\"><img loading=\"lazy\" decoding=\"async\" width=\"1024\" height=\"1024\" src=\"http:\/\/186.121.203.94\/wp-content\/uploads\/2020\/01\/textil-1024x1024.jpg\" alt=\"\" class=\"wp-image-111\" style=\"width:272px;height:272px\" srcset=\"http:\/\/www.industrialmurillo.edu.bo\/wp-content\/uploads\/2020\/01\/textil-1024x1024.jpg 1024w, http:\/\/www.industrialmurillo.edu.bo\/wp-content\/uploads\/2020\/01\/textil-300x300.jpg 300w, http:\/\/www.industrialmurillo.edu.bo\/wp-content\/uploads\/2020\/01\/textil-150x150.jpg 150w, http:\/\/www.industrialmurillo.edu.bo\/wp-content\/uploads\/2020\/01\/textil-768x768.jpg 768w, http:\/\/www.industrialmurillo.edu.bo\/wp-content\/uploads\/2020\/01\/textil.jpg 1467w\" sizes=\"auto, (max-width: 1024px) 100vw, 1024px\" \/><\/figure>\n<\/div>\n\n\n<p class=\"has-text-color\" style=\"color:#1a1188\">La carrera de Industria textil y confecci\u00f3n prepara a estudiantes en el \u00e1rea textil, para desempe\u00f1ar como t\u00e9cnico Textil, mantenimiento de m\u00e1quinas, supervisor, planificaci\u00f3n, dise\u00f1ador, control de calidad. Ademas esta esta formado para crear su propia micro empresa.<\/p>\n\n\n\n<p class=\"has-text-color\" style=\"color:#1a1188\"><strong>Nivel de Estudio:<\/strong>  T\u00e9cnico Superior <\/p>\n\n\n\n<h5 class=\"wp-block-heading has-text-color\" style=\"color:#1a1188\">Pensum de la carrera:<\/h5>\n\n\n\n<figure class=\"wp-block-table is-style-stripes\"><table><tbody><tr><td><strong>SEMESTRE<\/strong><\/td><td><strong>CODIGO<\/strong><\/td><td><strong>MATERIA<\/strong><\/td><\/tr><tr><td>Primero<\/td><td>MAA-100<\/td><td>MATEM\u00c1TICA APLICADA<\/td><\/tr><tr><td><\/td><td>FIA-100<\/td><td>F\u00cdSICA APLICADA<\/td><\/tr><tr><td><\/td><td>QCA-100<\/td><td>QU\u00cdMICA APLICADA<\/td><\/tr><tr><td><\/td><td>INT-100<\/td><td>INGL\u00c9S T\u00c9CNICO I<\/td><\/tr><tr><td><\/td><td>OMP-100<\/td><td>OPERATIVIDAD DE M\u00c1QUINAS Y PROCESOS DE CONFECCI\u00d3N<\/td><\/tr><tr><td><\/td><td>ANF-100<\/td><td>AN\u00c1LISIS DE FIBRAS<\/td><\/tr><tr><td>Segundo<\/td><td>SIM-200<\/td><td>SEGURIDAD INDUSTRIAL Y MEDIO AMBIENTE<\/td><\/tr><tr><td><\/td><td>TEA-200<\/td><td>TEJEDUR\u00cdA ARTESANAL<\/td><\/tr><tr><td><\/td><td>PRT-200<\/td><td>PRE-TRATAMIENTO TEXTIL<\/td><\/tr><tr><td><\/td><td>INT-200<\/td><td>INGL\u00c9S T\u00c9CNICO II<\/td><\/tr><tr><td><\/td><td>MMA-200<\/td><td>MANTENIMIENTO DE M\u00c1QUINAS<\/td><\/tr><tr><td><\/td><td>DDM-200<\/td><td>DISE\u00d1O DE MODA<\/td><\/tr><tr><td>Tercero<\/td><td>HIL-300<\/td><td>HILATURA I<\/td><\/tr><tr><td><\/td><td>TFC-300<\/td><td>TINTURA DE FIBRAS CELULOSICAS<\/td><\/tr><tr><td><\/td><td>PYE-300<\/td><td>PATRONAJE Y ESCALONADO<\/td><\/tr><tr><td><\/td><td>COI-300<\/td><td>CONFECCI\u00d3N INDUSTRIAL I<\/td><\/tr><tr><td><\/td><td>TDP-300<\/td><td>TEJIDO PUNTO<\/td><\/tr><tr><td><\/td><td>EMP-300<\/td><td>EMPRENDIMIENTO PRODUCTIVO&nbsp; I<\/td><\/tr><tr><td>Cuarto<\/td><td>TEP-400<\/td><td>TEJIDO PLANO<\/td><\/tr><tr><td><\/td><td>TFP-400<\/td><td>TINTURA DE FIBRAS PROTE\u00cdNICAS Y MANUFACTURADAS<\/td><\/tr><tr><td><\/td><td>PES-400<\/td><td>PATRONAJE ESCALONADO Y SOFTWARE ESPECIALIZADO<\/td><\/tr><tr><td><\/td><td>HIL-400<\/td><td>HILATURA II<\/td><\/tr><tr><td><\/td><td>COI-400<\/td><td>CONFECCI\u00d3N INDUSTRIAL II<\/td><\/tr><tr><td><\/td><td>EMP-400<\/td><td>EMPRENDIMIENTO PRODUCTIVO&nbsp; II<\/td><\/tr><tr><td>Quinto<\/td><td>SOT-500<\/td><td>SOFTWARE TEXTIL<\/td><\/tr><tr><td><\/td><td>TDT-500<\/td><td>TECNOLOG\u00cdA DEL TEJIDO DE PUNTO<\/td><\/tr><tr><td><\/td><td>ALC-500<\/td><td>ALTA COSTURA<\/td><\/tr><tr><td><\/td><td>TMG-500<\/td><td>TALLER MODALIDAD DE&nbsp; GRADUACI\u00d3N I<\/td><\/tr><tr><td>Sexto<\/td><td>SAS-600<\/td><td>SASTRERIA<\/td><\/tr><tr><td><\/td><td>EST-600<\/td><td>ESTAMPADO TEXTIL<\/td><\/tr><tr><td><\/td><td>ACT-600<\/td><td>ACABADO TEXTIL Y CONTROL DE CALIDAD<\/td><\/tr><tr><td><\/td><td>TMG-600<\/td><td>TALLER MODALIDAD DE&nbsp; GRADUACI\u00d3N II<\/td><\/tr><\/tbody><\/table><\/figure>\n","protected":false},"excerpt":{"rendered":"<div class=\"mh-excerpt\"><p>La carrera de Industria textil y confecci\u00f3n prepara a estudiantes en el \u00e1rea textil, para desempe\u00f1ar como t\u00e9cnico Textil, mantenimiento de m\u00e1quinas, supervisor, planificaci\u00f3n, dise\u00f1ador, <a class=\"mh-excerpt-more\" href=\"http:\/\/www.industrialmurillo.edu.bo\/?page_id=136\" title=\"Industrial Textil y Confecci\u00f3n\">[Leer mas..]<\/a><\/p>\n<\/div>","protected":false},"author":1,"featured_media":0,"parent":0,"menu_order":0,"comment_status":"closed","ping_status":"closed","template":"","meta":{"footnotes":""},"class_list":["post-136","page","type-page","status-publish","hentry"],"_links":{"self":[{"href":"http:\/\/www.industrialmurillo.edu.bo\/index.php?rest_route=\/wp\/v2\/pages\/136","targetHints":{"allow":["GET"]}}],"collection":[{"href":"http:\/\/www.industrialmurillo.edu.bo\/index.php?rest_route=\/wp\/v2\/pages"}],"about":[{"href":"http:\/\/www.industrialmurillo.edu.bo\/index.php?rest_route=\/wp\/v2\/types\/page"}],"author":[{"embeddable":true,"href":"http:\/\/www.industrialmurillo.edu.bo\/index.php?rest_route=\/wp\/v2\/users\/1"}],"replies":[{"embeddable":true,"href":"http:\/\/www.industrialmurillo.edu.bo\/index.php?rest_route=%2Fwp%2Fv2%2Fcomments&post=136"}],"version-history":[{"count":6,"href":"http:\/\/www.industrialmurillo.edu.bo\/index.php?rest_route=\/wp\/v2\/pages\/136\/revisions"}],"predecessor-version":[{"id":721,"href":"http:\/\/www.industrialmurillo.edu.bo\/index.php?rest_route=\/wp\/v2\/pages\/136\/revisions\/721"}],"wp:attachment":[{"href":"http:\/\/www.industrialmurillo.edu.bo\/index.php?rest_route=%2Fwp%2Fv2%2Fmedia&parent=136"}],"curies":[{"name":"wp","href":"https:\/\/api.w.org\/{rel}","templated":true}]}}