{"id":126,"date":"2020-01-16T01:28:37","date_gmt":"2020-01-15T20:58:37","guid":{"rendered":"http:\/\/186.121.203.94\/?page_id=126"},"modified":"2024-01-30T20:39:35","modified_gmt":"2024-01-30T16:09:35","slug":"electricidad-industrial","status":"publish","type":"page","link":"http:\/\/www.industrialmurillo.edu.bo\/?page_id=126","title":{"rendered":"Electricidad Industrial"},"content":{"rendered":"<div class=\"wp-block-image\">\n<figure class=\"alignleft size-large is-resized\"><img loading=\"lazy\" decoding=\"async\" width=\"1024\" height=\"1024\" src=\"http:\/\/186.121.203.94\/wp-content\/uploads\/2020\/01\/electricidad-1024x1024.jpg\" alt=\"\" class=\"wp-image-104\" style=\"width:272px;height:272px\" srcset=\"http:\/\/www.industrialmurillo.edu.bo\/wp-content\/uploads\/2020\/01\/electricidad-1024x1024.jpg 1024w, http:\/\/www.industrialmurillo.edu.bo\/wp-content\/uploads\/2020\/01\/electricidad-300x300.jpg 300w, http:\/\/www.industrialmurillo.edu.bo\/wp-content\/uploads\/2020\/01\/electricidad-150x150.jpg 150w, http:\/\/www.industrialmurillo.edu.bo\/wp-content\/uploads\/2020\/01\/electricidad-768x768.jpg 768w, http:\/\/www.industrialmurillo.edu.bo\/wp-content\/uploads\/2020\/01\/electricidad.jpg 1467w\" sizes=\"auto, (max-width: 1024px) 100vw, 1024px\" \/><\/figure>\n<\/div>\n\n\n<p class=\"has-text-color\" style=\"color:#1a1188\">El profesional T\u00e9cnico Superior en Electricidad Industrial, se caracteriza por contar con una educaci\u00f3n integral y con competencias, capacidades y habilidades para: <\/p>\n\n\n\n<p class=\"has-text-color\" style=\"color:#1a1188\">Ejecutar instalaciones el\u00e9ctricas residenciales, comerciales e industriales.<\/p>\n\n\n\n<p class=\"has-text-color\" style=\"color:#1a1188\">Analizar y dise\u00f1ar circuitos el\u00e9ctricos, para operar elementos de control de sistemas, equipos el\u00e9ctricos, control de m\u00e1quinas el\u00e9ctricas.<\/p>\n\n\n\n<h5 class=\"wp-block-heading has-text-color\" style=\"color:#1a1188\">Nivel de Estudio:<\/h5>\n\n\n\n<p class=\"has-text-color\" style=\"color:#1a1188\">T\u00e9cnico Superior<\/p>\n\n\n\n<h5 class=\"wp-block-heading has-text-color\" style=\"color:#1a1188\">Pensum de la carrera<\/h5>\n\n\n\n<figure class=\"wp-block-table is-style-stripes\"><table><tbody><tr><td><strong>SEMESTRE<\/strong><\/td><td><strong>CODIGO<\/strong><\/td><td><strong>MATERIA<\/strong><\/td><\/tr><tr><td>Primero<\/td><td>SIM-100<\/td><td>SEGURIDAD OCUPACIONAL Y MEDIO AMBIENTE<\/td><\/tr><tr><td><\/td><td>CEL-100<\/td><td>CIRCUITOS EL\u00c9CTRICOS Y LABORATORIO I<\/td><\/tr><tr><td><\/td><td>IET-100<\/td><td>INSTALACIONES EL\u00c9CTRICAS Y TALLER I<\/td><\/tr><tr><td><\/td><td>DIE-100<\/td><td>DIBUJO DE ESPECIALIDAD<\/td><\/tr><tr><td><\/td><td>TEM-100<\/td><td>TALLER ELECTROMEC\u00c1NICO<\/td><\/tr><tr><td><\/td><td>MAA-100<\/td><td>MATEM\u00c1TICA APLICADA<\/td><\/tr><tr><td>Segundo<\/td><td>CEL-200<\/td><td>Circuitos El\u00e9ctricos y Laboratorio II<\/td><\/tr><tr><td><\/td><td>IET-200<\/td><td>Instalaciones El\u00e9ctricas y Taller II<\/td><\/tr><tr><td><\/td><td>MLT-200<\/td><td>M\u00e1quinas El\u00e9ctricas, Laboratorio Y Taller I<\/td><\/tr><tr><td><\/td><td>FIA-200<\/td><td>F\u00edsica Aplicada<\/td><\/tr><tr><td><\/td><td>INT-200<\/td><td>Ingl\u00e9s T\u00e9cnico I<\/td><\/tr><tr><td>Tercero<\/td><td>AUE-300<\/td><td>Automatismos El\u00e9ctricos I<\/td><\/tr><tr><td><\/td><td>INM-300<\/td><td>Instrumentaci\u00f3n y Medidas<\/td><\/tr><tr><td><\/td><td>MLT-300<\/td><td>M\u00e1quinas El\u00e9ctricas, Laboratorio y Taller II<\/td><\/tr><tr><td><\/td><td>ELA-300<\/td><td>Electr\u00f3nica Anal\u00f3gica<\/td><\/tr><tr><td><\/td><td>ENA-300<\/td><td>Energ\u00edas Alternativas I<\/td><\/tr><tr><td><\/td><td>EDA-300<\/td><td>Electricidad del Autom\u00f3vil<\/td><\/tr><tr><td><\/td><td>EMP-300<\/td><td>Emprendimiento Productivo I<\/td><\/tr><tr><td>Cuarto<\/td><td>AUE-400<\/td><td>Automatismos El\u00e9ctricos II<\/td><\/tr><tr><td><\/td><td>CEE-400<\/td><td>Centrales El\u00e9ctricas<\/td><\/tr><tr><td><\/td><td>MLT-400<\/td><td>M\u00e1quinas El\u00e9ctricas Laboratorio y Taller III<\/td><\/tr><tr><td><\/td><td>ELD-400<\/td><td>Electr\u00f3nica Digital<\/td><\/tr><tr><td><\/td><td>ENA-400<\/td><td>Energ\u00edas Alternativas II<\/td><\/tr><tr><td><\/td><td>SIR-400<\/td><td>Sistemas de Refrigeraci\u00f3n<\/td><\/tr><tr><td><\/td><td>EMP-400<\/td><td>Emprendimiento Productivo II<\/td><\/tr><tr><td>Quinto<\/td><td>CLP-500<\/td><td>Controladores L\u00f3gicos Programables<\/td><\/tr><tr><td><\/td><td>RED-500<\/td><td>Redes de Distribuci\u00f3n<\/td><\/tr><tr><td><\/td><td>MLT-500<\/td><td>M\u00e1quinas El\u00e9ctricas, Laboratorio y Taller&nbsp; IV<\/td><\/tr><tr><td><\/td><td>ELP-500<\/td><td>Electr\u00f3nica de Potencia<\/td><\/tr><tr><td><\/td><td>REI-500<\/td><td>Refrigeraci\u00f3n Industrial<\/td><\/tr><tr><td><\/td><td>TMG-500<\/td><td>Taller de Modalidad de Graduaci\u00f3n I<\/td><\/tr><tr><td>Sexto<\/td><td>SIS-600<\/td><td>Sistemas Scada<\/td><\/tr><tr><td><\/td><td>ELN-600<\/td><td>Electroneum\u00e1tica<\/td><\/tr><tr><td><\/td><td>LIT-600<\/td><td>L\u00edneas de Transmisi\u00f3n<\/td><\/tr><tr><td><\/td><td>SUP-600<\/td><td>Subestaciones de Potencia<\/td><\/tr><tr><td><\/td><td>MCC-600<\/td><td>Microcontroladores<\/td><\/tr><tr><td><\/td><td>TMG-600<\/td><td>Taller de Modalidad de Graduaci\u00f3n II<\/td><\/tr><\/tbody><\/table><\/figure>\n","protected":false},"excerpt":{"rendered":"<div class=\"mh-excerpt\"><p>El profesional T\u00e9cnico Superior en Electricidad Industrial, se caracteriza por contar con una educaci\u00f3n integral y con competencias, capacidades y habilidades para: Ejecutar instalaciones el\u00e9ctricas <a class=\"mh-excerpt-more\" href=\"http:\/\/www.industrialmurillo.edu.bo\/?page_id=126\" title=\"Electricidad Industrial\">[Leer mas..]<\/a><\/p>\n<\/div>","protected":false},"author":1,"featured_media":0,"parent":0,"menu_order":0,"comment_status":"closed","ping_status":"closed","template":"","meta":{"footnotes":""},"class_list":["post-126","page","type-page","status-publish","hentry"],"_links":{"self":[{"href":"http:\/\/www.industrialmurillo.edu.bo\/index.php?rest_route=\/wp\/v2\/pages\/126","targetHints":{"allow":["GET"]}}],"collection":[{"href":"http:\/\/www.industrialmurillo.edu.bo\/index.php?rest_route=\/wp\/v2\/pages"}],"about":[{"href":"http:\/\/www.industrialmurillo.edu.bo\/index.php?rest_route=\/wp\/v2\/types\/page"}],"author":[{"embeddable":true,"href":"http:\/\/www.industrialmurillo.edu.bo\/index.php?rest_route=\/wp\/v2\/users\/1"}],"replies":[{"embeddable":true,"href":"http:\/\/www.industrialmurillo.edu.bo\/index.php?rest_route=%2Fwp%2Fv2%2Fcomments&post=126"}],"version-history":[{"count":3,"href":"http:\/\/www.industrialmurillo.edu.bo\/index.php?rest_route=\/wp\/v2\/pages\/126\/revisions"}],"predecessor-version":[{"id":738,"href":"http:\/\/www.industrialmurillo.edu.bo\/index.php?rest_route=\/wp\/v2\/pages\/126\/revisions\/738"}],"wp:attachment":[{"href":"http:\/\/www.industrialmurillo.edu.bo\/index.php?rest_route=%2Fwp%2Fv2%2Fmedia&parent=126"}],"curies":[{"name":"wp","href":"https:\/\/api.w.org\/{rel}","templated":true}]}}