{"id":123,"date":"2020-01-16T01:20:30","date_gmt":"2020-01-15T20:50:30","guid":{"rendered":"http:\/\/186.121.203.94\/?page_id=123"},"modified":"2024-01-26T22:08:48","modified_gmt":"2024-01-26T17:38:48","slug":"quimica-industrial","status":"publish","type":"page","link":"http:\/\/www.industrialmurillo.edu.bo\/?page_id=123","title":{"rendered":"Qu\u00edmica Industrial"},"content":{"rendered":"<div class=\"wp-block-image\">\n<figure class=\"aligncenter size-large is-resized\"><img loading=\"lazy\" decoding=\"async\" width=\"1024\" height=\"1024\" src=\"http:\/\/186.121.203.94\/wp-content\/uploads\/2020\/01\/quimicaf-1024x1024.jpg\" alt=\"\" class=\"wp-image-109\" style=\"width:272px;height:272px\" srcset=\"http:\/\/www.industrialmurillo.edu.bo\/wp-content\/uploads\/2020\/01\/quimicaf-1024x1024.jpg 1024w, http:\/\/www.industrialmurillo.edu.bo\/wp-content\/uploads\/2020\/01\/quimicaf-300x300.jpg 300w, http:\/\/www.industrialmurillo.edu.bo\/wp-content\/uploads\/2020\/01\/quimicaf-150x150.jpg 150w, http:\/\/www.industrialmurillo.edu.bo\/wp-content\/uploads\/2020\/01\/quimicaf-768x768.jpg 768w, http:\/\/www.industrialmurillo.edu.bo\/wp-content\/uploads\/2020\/01\/quimicaf.jpg 1467w\" sizes=\"auto, (max-width: 1024px) 100vw, 1024px\" \/><\/figure>\n<\/div>\n\n\n<p class=\"has-text-color\" style=\"color:#1a1188\">El T\u00e9cnico Superior en Qu\u00edmica Industrial es un profesional con formaci\u00f3n y conocimiento t\u00e9cnico-cient\u00edfico, que se desempe\u00f1a en industrias, laboratorios de an\u00e1lisis, con esp\u00edritu de equipo y desarrolla actividades aplicando las normativas nacionales e internacionales, como ser: normas ISO-9000, implantaci\u00f3n de sistemas de inocuidad alimentaria, basadas en BPM y HACCP.<\/p>\n\n\n\n<p class=\"has-text-color\" style=\"color:#1a1188\"><strong>Nivel de Estudio:<\/strong>  T\u00e9cnico Superior <\/p>\n\n\n\n<h5 class=\"wp-block-heading has-text-color\" style=\"color:#1a1188\">Pensum de la carrera:<\/h5>\n\n\n\n<figure class=\"wp-block-table is-style-stripes\"><table><tbody><tr><td><strong>SEMESTRE<\/strong><\/td><td><strong>CODIGO<\/strong><\/td><td><strong>MATERIAS<\/strong><\/td><\/tr><tr><td>Primero<\/td><td>QCG-100<\/td><td>QU\u00cdMICA GENERAL I<\/td><\/tr><tr><td><\/td><td>QCO-100<\/td><td>QU\u00cdMICA ORG\u00c1NICA I<\/td><\/tr><tr><td><\/td><td>EPQ-100<\/td><td>ELABORACI\u00d3N DE PRODUCTOS QU\u00cdMICOS I<\/td><\/tr><tr><td><\/td><td>FIA-100<\/td><td>F\u00cdSICA APLICADA<\/td><\/tr><tr><td><\/td><td>MAA-100<\/td><td>MATEM\u00c1TICA APLICADA<\/td><\/tr><tr><td><\/td><td>INT-100<\/td><td>INGL\u00c9S T\u00c9CNICO I<\/td><\/tr><tr><td>Segundo<\/td><td>HSI-200<\/td><td>HIGIENE, SEGURIDAD INDUSTRIAL Y MEDIO AMBIENTE<\/td><\/tr><tr><td><\/td><td>QCG-200<\/td><td>QU\u00cdMICA GENERAL II<\/td><\/tr><tr><td><\/td><td>QCO-200<\/td><td>QU\u00cdMICA ORGANICA II<\/td><\/tr><tr><td><\/td><td>QCI-200<\/td><td>QU\u00cdMICA INORG\u00c1NICA<\/td><\/tr><tr><td><\/td><td>EDE-200<\/td><td>ESTAD\u00cdSTICA APLICADA Y DISE\u00d1O DE EXPERIMENTOS<\/td><\/tr><tr><td><\/td><td>INT-200<\/td><td>INGL\u00c9S T\u00c9CNICO II<\/td><\/tr><tr><td>Tercero<\/td><td>ANQ-300<\/td><td>AN\u00c1LISIS QU\u00cdMICO I<\/td><\/tr><tr><td><\/td><td>EPQ-300<\/td><td>ELABORACI\u00d3N DE PRODUCTOS QU\u00cdMICOS II<\/td><\/tr><tr><td><\/td><td>BMI-300<\/td><td>BROMATOLOGIA&nbsp; Y MICROBIOLOGIA INDUSTRIAL<\/td><\/tr><tr><td><\/td><td>ELQ-300<\/td><td>ELECTROQU\u00cdMICA<\/td><\/tr><tr><td><\/td><td>FIQ-300<\/td><td>FISICOQU\u00cdMICA APLICADA<\/td><\/tr><tr><td><\/td><td>EMP-300<\/td><td>EMPRENDIMIENTO PRODUCTIVO I<\/td><\/tr><tr><td>Cuarto<\/td><td>ANQ-400<\/td><td>AN\u00c1LISIS QU\u00cdMICO II<\/td><\/tr><tr><td><\/td><td>BMI-400<\/td><td>BROMATOLOG\u00cdA Y MICROBIOLOG\u00cdA INDUSTRIAL&nbsp; II<\/td><\/tr><tr><td><\/td><td>OPU-400<\/td><td>OPERACIONES UNITARIAS I<\/td><\/tr><tr><td><\/td><td>TDI-400<\/td><td>TERMODIN\u00c1MICA INDUSTRIAL<\/td><\/tr><tr><td><\/td><td>INC-400<\/td><td>INSTRUMENTACI\u00d3N Y CONTROL<\/td><\/tr><tr><td><\/td><td>EMP-400<\/td><td>EMPRENDIMIENTO PRODUCTIVO II<\/td><\/tr><tr><td>Quinto<\/td><td>AAI-500<\/td><td>AN\u00c1LISIS APLICADO INORG\u00c1NICO<\/td><\/tr><tr><td><\/td><td>ANI-500<\/td><td>AN\u00c1LISIS INSTRUMENTAL I<\/td><\/tr><tr><td><\/td><td>CCI-500<\/td><td>CONTROL DE CALIDAD EN LA INDUSTRIA<\/td><\/tr><tr><td><\/td><td>OPU-500<\/td><td>OPERACIONES UNITARIAS II<\/td><\/tr><tr><td><\/td><td>PQI-500<\/td><td>PROCESOS QU\u00cdMICOS ORG\u00c1NICO E INORG\u00c1NICOS<\/td><\/tr><tr><td>Sexto<\/td><td>AAO-600<\/td><td>AN\u00c1LISIS APLICADO ORG\u00c1NICO<\/td><\/tr><tr><td><\/td><td>ANI-600<\/td><td>AN\u00c1LISIS INSTRUMENTAL II<\/td><\/tr><tr><td><\/td><td>TPG-600<\/td><td>TECNOLOG\u00cdA DEL PETR\u00d3LEO Y GAS<\/td><\/tr><tr><td><\/td><td>OPU-600<\/td><td>OPERACIONES UNITARIAS III<\/td><\/tr><tr><td><\/td><td>TMG-600<\/td><td>TALLER DE MODALIDAD DE GRADUACI\u00d3N<\/td><\/tr><\/tbody><\/table><\/figure>\n","protected":false},"excerpt":{"rendered":"<div class=\"mh-excerpt\"><p>El T\u00e9cnico Superior en Qu\u00edmica Industrial es un profesional con formaci\u00f3n y conocimiento t\u00e9cnico-cient\u00edfico, que se desempe\u00f1a en industrias, laboratorios de an\u00e1lisis, con esp\u00edritu de <a class=\"mh-excerpt-more\" href=\"http:\/\/www.industrialmurillo.edu.bo\/?page_id=123\" title=\"Qu\u00edmica Industrial\">[Leer mas..]<\/a><\/p>\n<\/div>","protected":false},"author":1,"featured_media":0,"parent":0,"menu_order":0,"comment_status":"closed","ping_status":"closed","template":"","meta":{"footnotes":""},"class_list":["post-123","page","type-page","status-publish","hentry"],"_links":{"self":[{"href":"http:\/\/www.industrialmurillo.edu.bo\/index.php?rest_route=\/wp\/v2\/pages\/123","targetHints":{"allow":["GET"]}}],"collection":[{"href":"http:\/\/www.industrialmurillo.edu.bo\/index.php?rest_route=\/wp\/v2\/pages"}],"about":[{"href":"http:\/\/www.industrialmurillo.edu.bo\/index.php?rest_route=\/wp\/v2\/types\/page"}],"author":[{"embeddable":true,"href":"http:\/\/www.industrialmurillo.edu.bo\/index.php?rest_route=\/wp\/v2\/users\/1"}],"replies":[{"embeddable":true,"href":"http:\/\/www.industrialmurillo.edu.bo\/index.php?rest_route=%2Fwp%2Fv2%2Fcomments&post=123"}],"version-history":[{"count":6,"href":"http:\/\/www.industrialmurillo.edu.bo\/index.php?rest_route=\/wp\/v2\/pages\/123\/revisions"}],"predecessor-version":[{"id":732,"href":"http:\/\/www.industrialmurillo.edu.bo\/index.php?rest_route=\/wp\/v2\/pages\/123\/revisions\/732"}],"wp:attachment":[{"href":"http:\/\/www.industrialmurillo.edu.bo\/index.php?rest_route=%2Fwp%2Fv2%2Fmedia&parent=123"}],"curies":[{"name":"wp","href":"https:\/\/api.w.org\/{rel}","templated":true}]}}