{"id":113,"date":"2020-01-16T01:01:21","date_gmt":"2020-01-15T20:31:21","guid":{"rendered":"http:\/\/186.121.203.94\/?page_id=113"},"modified":"2024-01-29T22:00:50","modified_gmt":"2024-01-29T17:30:50","slug":"mecanica-industrial","status":"publish","type":"page","link":"http:\/\/www.industrialmurillo.edu.bo\/?page_id=113","title":{"rendered":"Mec\u00e1nica Industrial"},"content":{"rendered":"<div class=\"wp-block-image\">\n<figure class=\"alignleft size-large is-resized\"><img loading=\"lazy\" decoding=\"async\" width=\"1024\" height=\"1024\" src=\"http:\/\/186.121.203.94\/wp-content\/uploads\/2020\/01\/mecanica-1024x1024.jpg\" alt=\"\" class=\"wp-image-107\" style=\"width:272px;height:272px\" srcset=\"http:\/\/www.industrialmurillo.edu.bo\/wp-content\/uploads\/2020\/01\/mecanica-1024x1024.jpg 1024w, http:\/\/www.industrialmurillo.edu.bo\/wp-content\/uploads\/2020\/01\/mecanica-300x300.jpg 300w, http:\/\/www.industrialmurillo.edu.bo\/wp-content\/uploads\/2020\/01\/mecanica-150x150.jpg 150w, http:\/\/www.industrialmurillo.edu.bo\/wp-content\/uploads\/2020\/01\/mecanica-768x768.jpg 768w, http:\/\/www.industrialmurillo.edu.bo\/wp-content\/uploads\/2020\/01\/mecanica.jpg 1467w\" sizes=\"auto, (max-width: 1024px) 100vw, 1024px\" \/><\/figure>\n<\/div>\n\n\n<div class=\"wp-block-group\"><div class=\"wp-block-group__inner-container is-layout-flow wp-block-group-is-layout-flow\">\n<p class=\"has-text-color\" style=\"color:#1a1188\">La Carrera de Mec\u00e1nica Industrial, fue creada el 4 de Agosto de 1942 juntamente con la Instituci\u00f3n, a la fecha continua formando profesionales t\u00e9cnicos de competencia para el mercado laboral y tambi\u00e9n comparte sus experiencias de las nuevas tecnolog\u00edas con institutos t\u00e9cnicos de toda Bolivia.<\/p>\n<\/div><\/div>\n\n\n\n<p class=\"has-text-color\" style=\"color:#1a1188\"><strong>Nivel de Estudio: <\/strong> T\u00e9cnico Superior <\/p>\n\n\n\n<h5 class=\"wp-block-heading has-text-color\" style=\"color:#1a1188\">Menciones<\/h5>\n\n\n\n<ul class=\"wp-block-list\">\n<li>&#8230;<\/li>\n\n\n\n<li>&#8230;<\/li>\n<\/ul>\n\n\n\n<h3 class=\"wp-block-heading has-text-color\" style=\"color:#1a1188\">Pensum de la carrera<\/h3>\n\n\n\n<figure class=\"wp-block-table is-style-stripes\"><table><tbody><tr><td><strong>SEMESTRE<\/strong><\/td><td><strong>CODIGO<\/strong><\/td><td><strong>MATERIA<\/strong><\/td><\/tr><tr><td>Primero<\/td><td>SMA-100<\/td><td>SEGURIDAD OCUPACIONAL Y MEDIO AMBIENTE<\/td><\/tr><tr><td><\/td><td>FAL-100<\/td><td>F\u00cdSICA APLICADA Y LABORATORIO<\/td><\/tr><tr><td><\/td><td>DIC-100<\/td><td>DIBUJO T\u00c9CNICO Y CAD<\/td><\/tr><tr><td><\/td><td>MAM-100<\/td><td>MATEM\u00c1TICA APLICADA A LA MEC\u00c1NICA<\/td><\/tr><tr><td><\/td><td>MEI-100<\/td><td>METROLOG\u00cdA INDUSTRIAL<\/td><\/tr><tr><td><\/td><td>TTM-100<\/td><td>TECNOLOG\u00cdA Y TALLER MEC\u00c1NICO I<\/td><\/tr><tr><td>Segundo<\/td><td>ELE-200<\/td><td>ELECTROT\u00c9CNIA Y ELECTR\u00d3NICA B\u00c1SICA<\/td><\/tr><tr><td><\/td><td>DMC-200<\/td><td>DIBUJO MEC\u00c1NICO EN CAD<\/td><\/tr><tr><td><\/td><td>SOL-200<\/td><td>SOLDADURA INDUSTRIAL I<\/td><\/tr><tr><td><\/td><td>TTM-200<\/td><td>TECNOLOG\u00cdA Y TALLER MEC\u00c1NICO II<\/td><\/tr><tr><td><\/td><td>TTT-200<\/td><td>TRATAMIENTO T\u00c9RMICO Y TECNOLOG\u00cdA DE LOS MATERIALES<\/td><\/tr><tr><td>Tercero<\/td><td>AEC-300<\/td><td>AUTOMATISMOS EL\u00c9CTRICOS Y CONTROL<\/td><\/tr><tr><td><\/td><td>REM-300<\/td><td>RESISTENCIA DE MATERIALES<\/td><\/tr><tr><td><\/td><td>TTM-300<\/td><td>TECNOLOG\u00cdA Y TALLER MEC\u00c1NICO III<\/td><\/tr><tr><td><\/td><td>SOL-300<\/td><td>SOLDADURA INDUSTRIAL II<\/td><\/tr><tr><td><\/td><td>MOC-300<\/td><td>MODELADO EN CAD<\/td><\/tr><tr><td>Cuarto<\/td><td>INT-400<\/td><td>INGL\u00c9S T\u00c9CNICO<\/td><\/tr><tr><td><\/td><td>EMM-400<\/td><td>ELEMENTOS Y MECANISMOS DE M\u00c1QUINAS<\/td><\/tr><tr><td><\/td><td>NEH-400<\/td><td>NEUM\u00c1TICA E HIDR\u00c1ULICA<\/td><\/tr><tr><td><\/td><td>TTM-400<\/td><td>TECNOLOG\u00cdA Y TALLER MEC\u00c1NICO IV<\/td><\/tr><tr><td><\/td><td>SOL-400<\/td><td>SOLDADURA INDUSTRIAL III<\/td><\/tr><tr><td><\/td><td>CNC-400<\/td><td>CONTROL NUM\u00c9RICO COMPUTARIZADO I<\/td><\/tr><tr><td>Quinto<\/td><td>ENH-500<\/td><td>ELECTRONEUM\u00c1TICA &#8211; ELECTROHIDR\u00c1ULICA<\/td><\/tr><tr><td><\/td><td>CNC-500<\/td><td>CONTROL NUM\u00c9RICO COMPUTARIZADO II<\/td><\/tr><tr><td><\/td><td>SOL-500<\/td><td>SOLDADURA INDUSTRIAL IV<\/td><\/tr><tr><td><\/td><td>DIM-500<\/td><td>DISE\u00d1O DE M\u00c1QUINAS<\/td><\/tr><tr><td><\/td><td>PMM-500<\/td><td>PROCESOS DE MANUFACTURA Y MATRICERIA<\/td><\/tr><tr><td><\/td><td>EMP-500<\/td><td>EMPRENDIMIENTO PRODUCTIVO&nbsp; I<\/td><\/tr><tr><td><\/td><td>TMG-500<\/td><td>TALLER DE MODALIDAD DE GRADUACI\u00d3N I<\/td><\/tr><tr><td>Sexto<\/td><td>AII-600<\/td><td>AUTOMATIZACI\u00d3N E INSTRUMENTACI\u00d3N INDUSTRIAL<\/td><\/tr><tr><td><\/td><td>SMR-600<\/td><td>SISTEMAS MECATR\u00d3NICOS Y ROB\u00d3TICA INDUSTRIAL<\/td><\/tr><tr><td><\/td><td>MEI-600<\/td><td>MANTENIMIENTO DE EQUIPOS INDUSTRIALES<\/td><\/tr><tr><td><\/td><td>ESM-600<\/td><td>ESTRUCTURAS MET\u00c1LICAS<\/td><\/tr><tr><td><\/td><td>MCM-600<\/td><td>MANUFACTURA Y CONSTRUCCI\u00d3N DE M\u00c1QUINAS<\/td><\/tr><tr><td><\/td><td>EMP-600<\/td><td>EMPRENDIMIENTO PRODUCTIVO II<\/td><\/tr><tr><td><\/td><td>TMG-600<\/td><td>TALLER DE MODALIDAD DE GRADUACI\u00d3N II<\/td><\/tr><\/tbody><\/table><\/figure>\n\n\n\n<p><\/p>\n","protected":false},"excerpt":{"rendered":"<div class=\"mh-excerpt\"><p>La Carrera de Mec\u00e1nica Industrial, fue creada el 4 de Agosto de 1942 juntamente con la Instituci\u00f3n, a la fecha continua formando profesionales t\u00e9cnicos de <a class=\"mh-excerpt-more\" href=\"http:\/\/www.industrialmurillo.edu.bo\/?page_id=113\" title=\"Mec\u00e1nica Industrial\">[Leer mas..]<\/a><\/p>\n<\/div>","protected":false},"author":1,"featured_media":0,"parent":0,"menu_order":0,"comment_status":"closed","ping_status":"closed","template":"","meta":{"footnotes":""},"class_list":["post-113","page","type-page","status-publish","hentry"],"_links":{"self":[{"href":"http:\/\/www.industrialmurillo.edu.bo\/index.php?rest_route=\/wp\/v2\/pages\/113","targetHints":{"allow":["GET"]}}],"collection":[{"href":"http:\/\/www.industrialmurillo.edu.bo\/index.php?rest_route=\/wp\/v2\/pages"}],"about":[{"href":"http:\/\/www.industrialmurillo.edu.bo\/index.php?rest_route=\/wp\/v2\/types\/page"}],"author":[{"embeddable":true,"href":"http:\/\/www.industrialmurillo.edu.bo\/index.php?rest_route=\/wp\/v2\/users\/1"}],"replies":[{"embeddable":true,"href":"http:\/\/www.industrialmurillo.edu.bo\/index.php?rest_route=%2Fwp%2Fv2%2Fcomments&post=113"}],"version-history":[{"count":8,"href":"http:\/\/www.industrialmurillo.edu.bo\/index.php?rest_route=\/wp\/v2\/pages\/113\/revisions"}],"predecessor-version":[{"id":736,"href":"http:\/\/www.industrialmurillo.edu.bo\/index.php?rest_route=\/wp\/v2\/pages\/113\/revisions\/736"}],"wp:attachment":[{"href":"http:\/\/www.industrialmurillo.edu.bo\/index.php?rest_route=%2Fwp%2Fv2%2Fmedia&parent=113"}],"curies":[{"name":"wp","href":"https:\/\/api.w.org\/{rel}","templated":true}]}}